{"id":17,"date":"2022-03-27T21:54:00","date_gmt":"2022-03-27T19:54:00","guid":{"rendered":"https:\/\/veloconfluence.fr\/?page_id=17"},"modified":"2023-01-22T11:10:01","modified_gmt":"2023-01-22T10:10:01","slug":"velo-confluence","status":"publish","type":"page","link":"https:\/\/veloconfluence.fr\/","title":{"rendered":"Accueil"},"content":{"rendered":"\n<p>&#8211; Vous pratiquez le V\u00e9lo de route, le VTT, le VTC, le VAE,\u00a0<\/p>\n\n\n\n<p>&#8211; Vous \u00eates licenci\u00e9 ou non licenci\u00e9,<\/p>\n\n\n\n<p class=\"has-text-align-center\"><strong>Il y a quotidiennement un peloton qui roule au d\u00e9part de : <\/strong><\/p>\n\n\n\n<p class=\"has-text-align-center\">   Toulouse, Pinsaguel ou Roquettes.&nbsp;<\/p>\n\n\n\n<p class=\"has-text-align-center\">(voir Jours de sortie)<\/p>\n\n\n\n<p>&#8211;  Vous aimez communiquer, n\u2019h\u00e9sitez pas \u00e0 laisser vos messages sur le forum qui est ouvert \u00e0 tous.<\/p>\n\n\n\n<p><\/p>\n","protected":false},"excerpt":{"rendered":"<p>&#8211; Vous pratiquez le V\u00e9lo de route, le VTT, le VTC, le VAE,\u00a0 &#8211; Vous \u00eates licenci\u00e9 ou non licenci\u00e9, Il y a quotidiennement un peloton qui roule au d\u00e9part de : Toulouse, Pinsaguel ou Roquettes.&nbsp; (voir Jours de sortie) &#8211; Vous aimez communiquer, n\u2019h\u00e9sitez pas \u00e0 laisser vos messages sur le forum qui est&hellip; <a class=\"more-link\" href=\"https:\/\/veloconfluence.fr\/\">Poursuivre la lecture <span class=\"screen-reader-text\">Accueil<\/span><\/a><\/p>\n","protected":false},"author":1,"featured_media":0,"parent":0,"menu_order":0,"comment_status":"closed","ping_status":"closed","template":"","meta":{"footnotes":""},"class_list":["post-17","page","type-page","status-publish","hentry","entry"],"_links":{"self":[{"href":"https:\/\/veloconfluence.fr\/index.php?rest_route=\/wp\/v2\/pages\/17","targetHints":{"allow":["GET"]}}],"collection":[{"href":"https:\/\/veloconfluence.fr\/index.php?rest_route=\/wp\/v2\/pages"}],"about":[{"href":"https:\/\/veloconfluence.fr\/index.php?rest_route=\/wp\/v2\/types\/page"}],"author":[{"embeddable":true,"href":"https:\/\/veloconfluence.fr\/index.php?rest_route=\/wp\/v2\/users\/1"}],"replies":[{"embeddable":true,"href":"https:\/\/veloconfluence.fr\/index.php?rest_route=%2Fwp%2Fv2%2Fcomments&post=17"}],"version-history":[{"count":12,"href":"https:\/\/veloconfluence.fr\/index.php?rest_route=\/wp\/v2\/pages\/17\/revisions"}],"predecessor-version":[{"id":212,"href":"https:\/\/veloconfluence.fr\/index.php?rest_route=\/wp\/v2\/pages\/17\/revisions\/212"}],"wp:attachment":[{"href":"https:\/\/veloconfluence.fr\/index.php?rest_route=%2Fwp%2Fv2%2Fmedia&parent=17"}],"curies":[{"name":"wp","href":"https:\/\/api.w.org\/{rel}","templated":true}]}}